{"id":2340,"date":"2025-10-09T23:28:55","date_gmt":"2025-10-09T23:28:55","guid":{"rendered":"https:\/\/projeto109.doi2versos.com.br\/?page_id=2340"},"modified":"2025-10-10T00:56:58","modified_gmt":"2025-10-10T00:56:58","slug":"mapeamentos-aereos-com-drones","status":"publish","type":"page","link":"https:\/\/projeto109.doi2versos.com.br\/index.php\/mapeamentos-aereos-com-drones\/","title":{"rendered":"Mapeamentos A\u00e9reos com Drones"},"content":{"rendered":"\t\t<div data-elementor-type=\"wp-page\" data-elementor-id=\"2340\" class=\"elementor elementor-2340\">\n\t\t\t\t\t\t<section class=\"elementor-section elementor-top-section elementor-element elementor-element-37d93a32 elementor-section-content-middle elementor-section-boxed elementor-section-height-default elementor-section-height-default\" data-id=\"37d93a32\" data-element_type=\"section\">\n\t\t\t\t\t\t<div class=\"elementor-container elementor-column-gap-extended\">\n\t\t\t\t\t<div class=\"elementor-column elementor-col-50 elementor-top-column elementor-element elementor-element-3a6e2be5\" data-id=\"3a6e2be5\" data-element_type=\"column\">\n\t\t\t<div class=\"elementor-widget-wrap elementor-element-populated\">\n\t\t\t\t\t\t<div class=\"elementor-element elementor-element-675cd7b1 align-left elementor-widget elementor-widget-mae-headings\" data-id=\"675cd7b1\" data-element_type=\"widget\" data-widget_type=\"mae-headings.default\">\n\t\t\t\t<div class=\"elementor-widget-container\">\n\t\t\t\t\t\t\t<div class=\"master-heading\">\n\t        \t            <div class=\"pre-heading\"> <\/div>\n\t        \n\t        \t        <h2 class=\"main-heading\">Precis\u00e3o georreferenciada em grandes \u00e1reas<\/h2>\n\t        \n\t        \t        <div class=\"divider\"><\/div>\n\t        \n\t        \t            <div class=\"sub-heading\"> Capturamos vis\u00e3o do todo com ortomosaicos corrigidos e MDT\/MDS.\n Geramos curvas de n\u00edvel e nuvem de pontos a\u00e9rea para an\u00e1lise topogr\u00e1fica.\n O voo planejado acelera o levantamento e reduz custo operacional.\n Dados georreferenciados garantem escala e posicionamento consistentes.\n Aplic\u00e1vel a obras, minera\u00e7\u00e3o, agroneg\u00f3cio e planejamento urbano.<\/div>\n\t        \t    <\/div>\n\t    \t\t\t\t<\/div>\n\t\t\t\t<\/div>\n\t\t\t\t\t<\/div>\n\t\t<\/div>\n\t\t\t\t<div class=\"elementor-column elementor-col-50 elementor-top-column elementor-element elementor-element-77dee959\" data-id=\"77dee959\" data-element_type=\"column\">\n\t\t\t<div class=\"elementor-widget-wrap elementor-element-populated\">\n\t\t\t\t\t\t<div class=\"elementor-element elementor-element-2c48fd0c elementor-widget elementor-widget-mae-parallax-image\" data-id=\"2c48fd0c\" data-element_type=\"widget\" data-widget_type=\"mae-parallax-image.default\">\n\t\t\t\t<div class=\"elementor-widget-container\">\n\t\t\t\t\t\t\t<div class=\"master-parallax-box\">\n\t\t\t<div class=\"parallax-wrap\">\n\t\t\t\t\t\t\t\t\t<div class=\"master-parallax-item elementor-repeater-item-20e363a\" style=\"\" data-parallax='{\"x\" : 50, \"y\" : 0, \"smoothness\" : 30}' data-top=\"-15px\"><img decoding=\"async\" src=\"https:\/\/projeto109.doi2versos.com.br\/wp-content\/uploads\/2025\/10\/4-1.png\" alt=\"\"><\/div>\t\t\t\t\t\t\t<\/div>\n\t\t<\/div>\n\t    \t\t\t\t<\/div>\n\t\t\t\t<\/div>\n\t\t\t\t\t<\/div>\n\t\t<\/div>\n\t\t\t\t\t<\/div>\n\t\t<\/section>\n\t\t<div class=\"elementor-element elementor-element-fc189a3 e-flex e-con-boxed e-con e-parent\" data-id=\"fc189a3\" data-element_type=\"container\">\n\t\t\t\t\t<div class=\"e-con-inner\">\n\t\t\t\t<div class=\"elementor-element elementor-element-447e1da elementor-widget elementor-widget-spacer\" data-id=\"447e1da\" data-element_type=\"widget\" data-widget_type=\"spacer.default\">\n\t\t\t\t\t\t\t<div class=\"elementor-spacer\">\n\t\t\t<div class=\"elementor-spacer-inner\"><\/div>\n\t\t<\/div>\n\t\t\t\t\t\t<\/div>\n\t\t\t\t\t<\/div>\n\t\t\t\t<\/div>\n\t\t\t\t<section class=\"elementor-section elementor-top-section elementor-element elementor-element-2c2c0864 elementor-section-stretched elementor-section-full_width elementor-section-height-default elementor-section-height-default\" data-id=\"2c2c0864\" data-element_type=\"section\" data-settings=\"{&quot;stretch_section&quot;:&quot;section-stretched&quot;,&quot;background_background&quot;:&quot;classic&quot;}\">\n\t\t\t\t\t\t<div class=\"elementor-container elementor-column-gap-default\">\n\t\t\t\t\t<div class=\"elementor-column elementor-col-100 elementor-top-column elementor-element elementor-element-6cbd98ad\" data-id=\"6cbd98ad\" data-element_type=\"column\">\n\t\t\t<div class=\"elementor-widget-wrap elementor-element-populated\">\n\t\t\t\t\t\t<div class=\"elementor-element elementor-element-749b0074 elementor-widget elementor-widget-spacer\" data-id=\"749b0074\" data-element_type=\"widget\" data-widget_type=\"spacer.default\">\n\t\t\t\t\t\t\t<div class=\"elementor-spacer\">\n\t\t\t<div class=\"elementor-spacer-inner\"><\/div>\n\t\t<\/div>\n\t\t\t\t\t\t<\/div>\n\t\t\t\t<div class=\"elementor-element elementor-element-7bfd0fef elementor-widget elementor-widget-spacer\" data-id=\"7bfd0fef\" data-element_type=\"widget\" data-widget_type=\"spacer.default\">\n\t\t\t\t\t\t\t<div class=\"elementor-spacer\">\n\t\t\t<div class=\"elementor-spacer-inner\"><\/div>\n\t\t<\/div>\n\t\t\t\t\t\t<\/div>\n\t\t\t\t<section class=\"elementor-section elementor-inner-section elementor-element elementor-element-704411dd elementor-section-boxed elementor-section-height-default elementor-section-height-default\" data-id=\"704411dd\" data-element_type=\"section\">\n\t\t\t\t\t\t<div class=\"elementor-container elementor-column-gap-extended\">\n\t\t\t\t\t<div class=\"elementor-column elementor-col-33 elementor-inner-column elementor-element elementor-element-1e3d614b\" data-id=\"1e3d614b\" data-element_type=\"column\">\n\t\t\t<div class=\"elementor-widget-wrap elementor-element-populated\">\n\t\t\t\t\t\t<div class=\"elementor-element elementor-element-7f9293ab icon-position-left align-left icon-has-bg hover-effect-none elementor-widget elementor-widget-mae-icon-box\" data-id=\"7f9293ab\" data-element_type=\"widget\" data-widget_type=\"mae-icon-box.default\">\n\t\t\t\t<div class=\"elementor-widget-container\">\n\t\t\t\t\t\n        <div class=\"master-icon-box\" >\n            \n            <div class=\"icon-wrap\"><div class=\"master-icon\"><i class=\"byr byr-engineer1\"><\/i><\/div><\/div>\n            <div class=\"text-wrap\">\n                <h3 class=\"headline-2\">Ortomosaico<\/h3><div class=\"desc\"> Imagem a\u00e9rea corrigida e cont\u00ednua. Excelente para inspe\u00e7\u00e3o e medi\u00e7\u00f5es.<\/div>            <\/div>\n        <\/div>\n\n        \t\t\t\t<\/div>\n\t\t\t\t<\/div>\n\t\t\t\t\t<\/div>\n\t\t<\/div>\n\t\t\t\t<div class=\"elementor-column elementor-col-33 elementor-inner-column elementor-element elementor-element-6fca2bfd\" data-id=\"6fca2bfd\" data-element_type=\"column\">\n\t\t\t<div class=\"elementor-widget-wrap elementor-element-populated\">\n\t\t\t\t\t\t<div class=\"elementor-element elementor-element-3af16afe icon-position-left align-left icon-has-bg hover-effect-none elementor-widget elementor-widget-mae-icon-box\" data-id=\"3af16afe\" data-element_type=\"widget\" data-widget_type=\"mae-icon-box.default\">\n\t\t\t\t<div class=\"elementor-widget-container\">\n\t\t\t\t\t\n        <div class=\"master-icon-box\" >\n            \n            <div class=\"icon-wrap\"><div class=\"master-icon\"><i class=\"byr byr-factory-1\"><\/i><\/div><\/div>\n            <div class=\"text-wrap\">\n                <h3 class=\"headline-2\">Modelo Digital de Eleva\u00e7\u00e3o<\/h3><div class=\"desc\"> Representa\u00e7\u00e3o do terreno e superf\u00edcies. Base para c\u00e1lculos e volumetrias.<\/div>            <\/div>\n        <\/div>\n\n        \t\t\t\t<\/div>\n\t\t\t\t<\/div>\n\t\t\t\t\t<\/div>\n\t\t<\/div>\n\t\t\t\t<div class=\"elementor-column elementor-col-33 elementor-inner-column elementor-element elementor-element-25c9525a\" data-id=\"25c9525a\" data-element_type=\"column\">\n\t\t\t<div class=\"elementor-widget-wrap elementor-element-populated\">\n\t\t\t\t\t\t<div class=\"elementor-element elementor-element-2ad6f768 icon-position-left align-left icon-has-bg hover-effect-none elementor-widget elementor-widget-mae-icon-box\" data-id=\"2ad6f768\" data-element_type=\"widget\" data-widget_type=\"mae-icon-box.default\">\n\t\t\t\t<div class=\"elementor-widget-container\">\n\t\t\t\t\t\n        <div class=\"master-icon-box\" >\n            \n            <div class=\"icon-wrap\"><div class=\"master-icon\"><i class=\"byr byr-barrel\"><\/i><\/div><\/div>\n            <div class=\"text-wrap\">\n                <h3 class=\"headline-2\">Curvas de n\u00edvel<\/h3><div class=\"desc\">Leitura topogr\u00e1fica precisa. Apoia drenagem e terraplenagem.<\/div>            <\/div>\n        <\/div>\n\n        \t\t\t\t<\/div>\n\t\t\t\t<\/div>\n\t\t\t\t\t<\/div>\n\t\t<\/div>\n\t\t\t\t\t<\/div>\n\t\t<\/section>\n\t\t\t\t<section class=\"elementor-section elementor-inner-section elementor-element elementor-element-36b7e287 elementor-section-boxed elementor-section-height-default elementor-section-height-default\" data-id=\"36b7e287\" data-element_type=\"section\">\n\t\t\t\t\t\t<div class=\"elementor-container elementor-column-gap-extended\">\n\t\t\t\t\t<div class=\"elementor-column elementor-col-33 elementor-inner-column elementor-element elementor-element-708b7785\" data-id=\"708b7785\" data-element_type=\"column\">\n\t\t\t<div class=\"elementor-widget-wrap elementor-element-populated\">\n\t\t\t\t\t\t<div class=\"elementor-element elementor-element-771f933 icon-position-left align-left icon-has-bg hover-effect-none elementor-widget elementor-widget-mae-icon-box\" data-id=\"771f933\" data-element_type=\"widget\" data-widget_type=\"mae-icon-box.default\">\n\t\t\t\t<div class=\"elementor-widget-container\">\n\t\t\t\t\t\n        <div class=\"master-icon-box\" >\n            \n            <div class=\"icon-wrap\"><div class=\"master-icon\"><i class=\"byr byr-engineer\"><\/i><\/div><\/div>\n            <div class=\"text-wrap\">\n                <h3 class=\"headline-2\">Nuvem de pontos a\u00e9rea<\/h3><div class=\"desc\"> Geometria 3D do terreno e estruturas. Insumos para projetos e obras.<\/div>            <\/div>\n        <\/div>\n\n        \t\t\t\t<\/div>\n\t\t\t\t<\/div>\n\t\t\t\t\t<\/div>\n\t\t<\/div>\n\t\t\t\t<div class=\"elementor-column elementor-col-33 elementor-inner-column elementor-element elementor-element-2ad7e46a\" data-id=\"2ad7e46a\" data-element_type=\"column\">\n\t\t\t<div class=\"elementor-widget-wrap\">\n\t\t\t\t\t\t\t<\/div>\n\t\t<\/div>\n\t\t\t\t<div class=\"elementor-column elementor-col-33 elementor-inner-column elementor-element elementor-element-353beb95\" data-id=\"353beb95\" data-element_type=\"column\">\n\t\t\t<div class=\"elementor-widget-wrap elementor-element-populated\">\n\t\t\t\t\t\t<div class=\"elementor-element elementor-element-3ea9201f icon-position-left align-left icon-has-bg hover-effect-none elementor-widget elementor-widget-mae-icon-box\" data-id=\"3ea9201f\" data-element_type=\"widget\" data-widget_type=\"mae-icon-box.default\">\n\t\t\t\t<div class=\"elementor-widget-container\">\n\t\t\t\t\t\n        <div class=\"master-icon-box\" >\n            \n            <div class=\"icon-wrap\"><div class=\"master-icon\"><i class=\"byr byr-robotic-arm\"><\/i><\/div><\/div>\n            <div class=\"text-wrap\">\n                <h3 class=\"headline-2\">Cobertura de grandes \u00e1reas<\/h3><div class=\"desc\">Voo eficiente com alta resolu\u00e7\u00e3o. Menos tempo de campo, mais dados \u00fateis.<\/div>            <\/div>\n        <\/div>\n\n        \t\t\t\t<\/div>\n\t\t\t\t<\/div>\n\t\t\t\t\t<\/div>\n\t\t<\/div>\n\t\t\t\t\t<\/div>\n\t\t<\/section>\n\t\t\t\t<div class=\"elementor-element elementor-element-6f9813cd elementor-widget elementor-widget-spacer\" data-id=\"6f9813cd\" data-element_type=\"widget\" data-widget_type=\"spacer.default\">\n\t\t\t\t\t\t\t<div class=\"elementor-spacer\">\n\t\t\t<div class=\"elementor-spacer-inner\"><\/div>\n\t\t<\/div>\n\t\t\t\t\t\t<\/div>\n\t\t\t\t\t<\/div>\n\t\t<\/div>\n\t\t\t\t\t<\/div>\n\t\t<\/section>\n\t\t\t\t<section class=\"elementor-section elementor-top-section elementor-element elementor-element-2c163d2a elementor-section-boxed elementor-section-height-default elementor-section-height-default\" data-id=\"2c163d2a\" data-element_type=\"section\">\n\t\t\t\t\t\t<div class=\"elementor-container elementor-column-gap-no\">\n\t\t\t\t\t<div class=\"elementor-column elementor-col-33 elementor-top-column elementor-element elementor-element-2cf339b9\" data-id=\"2cf339b9\" data-element_type=\"column\">\n\t\t\t<div class=\"elementor-widget-wrap elementor-element-populated\">\n\t\t\t\t\t\t<div class=\"elementor-element elementor-element-8bebbcd hover-effect-none elementor-widget elementor-widget-mae-service-box\" data-id=\"8bebbcd\" data-element_type=\"widget\" data-widget_type=\"mae-service-box.default\">\n\t\t\t\t<div class=\"elementor-widget-container\">\n\t\t\t\t\t        <div class=\"master-service mlr-401463018 item-carousel  \">\n            \n            <div class=\"content-wrap\">\n                <h3 class=\"headline-2\">Efici\u00eancia em campo<\/h3><div class=\"desc\"><p><span style=\"font-weight: 400;\">\u00a0Rapidez na aquisi\u00e7\u00e3o de dados sobre \u00e1reas extensas.<\/span><span style=\"font-weight: 400;\"><br \/><\/span><span style=\"font-weight: 400;\"> Menos equipe e log\u00edstica complexa.<\/span><span style=\"font-weight: 400;\"><br \/><\/span><span style=\"font-weight: 400;\"> Redu\u00e7\u00e3o de custos de mobiliza\u00e7\u00e3o.<\/span><\/p><\/div>            <div class=\"url-wrap\">\n                <a class=\"master-link  icon-right\" href=\"\" >\n                                        <span><\/span>\n                    <span class=\"icon fa fa-arrow-right\"><\/span>                <\/a>\n            <\/div>\n\n                        <\/div>\n        <\/div>\n\n        \t\t\t\t<\/div>\n\t\t\t\t<\/div>\n\t\t\t\t\t<\/div>\n\t\t<\/div>\n\t\t\t\t<div class=\"elementor-column elementor-col-33 elementor-top-column elementor-element elementor-element-3d97dede\" data-id=\"3d97dede\" data-element_type=\"column\">\n\t\t\t<div class=\"elementor-widget-wrap elementor-element-populated\">\n\t\t\t\t\t\t<div class=\"elementor-element elementor-element-71d77eb3 hover-effect-none elementor-widget elementor-widget-mae-service-box\" data-id=\"71d77eb3\" data-element_type=\"widget\" data-widget_type=\"mae-service-box.default\">\n\t\t\t\t<div class=\"elementor-widget-container\">\n\t\t\t\t\t        <div class=\"master-service mlr-479545543 item-carousel  \">\n            \n            <div class=\"content-wrap\">\n                <h3 class=\"headline-2\">Precis\u00e3o topogr\u00e1fica<\/h3><div class=\"desc\"><p><span style=\"font-weight: 400;\">\u00a0Produtos corrigidos garantem medidas confi\u00e1veis.<\/span><span style=\"font-weight: 400;\"><br \/><\/span><span style=\"font-weight: 400;\"> Melhora qualidade de estudos e or\u00e7amentos.<\/span><span style=\"font-weight: 400;\"><br \/><\/span><span style=\"font-weight: 400;\"> Aumenta assertividade do projeto.<\/span><\/p><\/div>            <div class=\"url-wrap\">\n                <a class=\"master-link  icon-right\" href=\"\" >\n                                        <span><\/span>\n                    <span class=\"icon fa fa-arrow-right\"><\/span>                <\/a>\n            <\/div>\n\n                        <\/div>\n        <\/div>\n\n        \t\t\t\t<\/div>\n\t\t\t\t<\/div>\n\t\t\t\t\t<\/div>\n\t\t<\/div>\n\t\t\t\t<div class=\"elementor-column elementor-col-33 elementor-top-column elementor-element elementor-element-5dd3138e\" data-id=\"5dd3138e\" data-element_type=\"column\">\n\t\t\t<div class=\"elementor-widget-wrap elementor-element-populated\">\n\t\t\t\t\t\t<div class=\"elementor-element elementor-element-4a8f6fe8 hover-effect-none elementor-widget elementor-widget-mae-service-box\" data-id=\"4a8f6fe8\" data-element_type=\"widget\" data-widget_type=\"mae-service-box.default\">\n\t\t\t\t<div class=\"elementor-widget-container\">\n\t\t\t\t\t        <div class=\"master-service mlr-634821517 item-carousel  \">\n            \n            <div class=\"content-wrap\">\n                <h3 class=\"headline-2\">Planejamento e monitoramento<\/h3><div class=\"desc\"><p><span style=\"font-weight: 400;\">Acompanhe avan\u00e7o de obra com s\u00e9ries temporais.<\/span><span style=\"font-weight: 400;\"><br \/><\/span><span style=\"font-weight: 400;\"> Compare fases e detecte desvios cedo.<\/span><span style=\"font-weight: 400;\"><br \/><\/span><span style=\"font-weight: 400;\"> Melhore decis\u00f5es com evid\u00eancias visuais.<\/span><\/p><\/div>            <div class=\"url-wrap\">\n                <a class=\"master-link  icon-right\" href=\"\" >\n                                        <span><\/span>\n                    <span class=\"icon fa fa-arrow-right\"><\/span>                <\/a>\n            <\/div>\n\n                        <\/div>\n        <\/div>\n\n        \t\t\t\t<\/div>\n\t\t\t\t<\/div>\n\t\t\t\t\t<\/div>\n\t\t<\/div>\n\t\t\t\t\t<\/div>\n\t\t<\/section>\n\t\t\t\t<\/div>\n\t\t","protected":false},"excerpt":{"rendered":"<p>Precis\u00e3o georreferenciada em grandes \u00e1reas Capturamos vis\u00e3o do todo com ortomosaicos corrigidos e MDT\/MDS. Geramos curvas de n\u00edvel e nuvem de pontos a\u00e9rea para an\u00e1lise topogr\u00e1fica. O voo planejado acelera o levantamento e reduz custo operacional. Dados georreferenciados garantem escala e posicionamento consistentes. Aplic\u00e1vel a obras, minera\u00e7\u00e3o,<\/p>\n","protected":false},"author":1,"featured_media":0,"parent":0,"menu_order":0,"comment_status":"closed","ping_status":"closed","template":"","meta":{"footnotes":""},"class_list":["post-2340","page","type-page","status-publish","hentry"],"_links":{"self":[{"href":"https:\/\/projeto109.doi2versos.com.br\/index.php\/wp-json\/wp\/v2\/pages\/2340","targetHints":{"allow":["GET"]}}],"collection":[{"href":"https:\/\/projeto109.doi2versos.com.br\/index.php\/wp-json\/wp\/v2\/pages"}],"about":[{"href":"https:\/\/projeto109.doi2versos.com.br\/index.php\/wp-json\/wp\/v2\/types\/page"}],"author":[{"embeddable":true,"href":"https:\/\/projeto109.doi2versos.com.br\/index.php\/wp-json\/wp\/v2\/users\/1"}],"replies":[{"embeddable":true,"href":"https:\/\/projeto109.doi2versos.com.br\/index.php\/wp-json\/wp\/v2\/comments?post=2340"}],"version-history":[{"count":16,"href":"https:\/\/projeto109.doi2versos.com.br\/index.php\/wp-json\/wp\/v2\/pages\/2340\/revisions"}],"predecessor-version":[{"id":2486,"href":"https:\/\/projeto109.doi2versos.com.br\/index.php\/wp-json\/wp\/v2\/pages\/2340\/revisions\/2486"}],"wp:attachment":[{"href":"https:\/\/projeto109.doi2versos.com.br\/index.php\/wp-json\/wp\/v2\/media?parent=2340"}],"curies":[{"name":"wp","href":"https:\/\/api.w.org\/{rel}","templated":true}]}}