{"id":2315,"date":"2025-10-09T23:14:56","date_gmt":"2025-10-09T23:14:56","guid":{"rendered":"https:\/\/projeto109.doi2versos.com.br\/?page_id=2315"},"modified":"2025-10-10T00:55:29","modified_gmt":"2025-10-10T00:55:29","slug":"as-built-arquitetonico","status":"publish","type":"page","link":"https:\/\/projeto109.doi2versos.com.br\/index.php\/as-built-arquitetonico\/","title":{"rendered":"As Built Arquitet\u00f4nico"},"content":{"rendered":"\t\t<div data-elementor-type=\"wp-page\" data-elementor-id=\"2315\" class=\"elementor elementor-2315\">\n\t\t\t\t\t\t<section class=\"elementor-section elementor-top-section elementor-element elementor-element-20ff5079 elementor-section-content-middle elementor-section-boxed elementor-section-height-default elementor-section-height-default\" data-id=\"20ff5079\" data-element_type=\"section\">\n\t\t\t\t\t\t<div class=\"elementor-container elementor-column-gap-extended\">\n\t\t\t\t\t<div class=\"elementor-column elementor-col-50 elementor-top-column elementor-element elementor-element-64f1b08c\" data-id=\"64f1b08c\" data-element_type=\"column\">\n\t\t\t<div class=\"elementor-widget-wrap elementor-element-populated\">\n\t\t\t\t\t\t<div class=\"elementor-element elementor-element-521f3a7b align-left elementor-widget elementor-widget-mae-headings\" data-id=\"521f3a7b\" data-element_type=\"widget\" data-widget_type=\"mae-headings.default\">\n\t\t\t\t<div class=\"elementor-widget-container\">\n\t\t\t\t\t\t\t<div class=\"master-heading\">\n\t        \n\t        \t        <h2 class=\"main-heading\">Modelagem fiel a partir da realidade constru\u00edda<\/h2>\n\t        \n\t        \t        <div class=\"divider\"><\/div>\n\t        \n\t        \t            <div class=\"sub-heading\">Capturamos o existente com laser scanning de alta precis\u00e3o para basear o projeto no real.\n Geramos modelos e vistas que se integram a Revit, AutoCAD e Recap sem fric\u00e7\u00e3o.\n A documenta\u00e7\u00e3o as built reduz erros, imprevistos e custos de obra.\n Imagens panor\u00e2micas e nuvem de pontos registradas garantem confiabilidade.\n Ideal para retrofit, amplia\u00e7\u00e3o, regulariza\u00e7\u00e3o e manuten\u00e7\u00e3o.<\/div>\n\t        \t    <\/div>\n\t    \t\t\t\t<\/div>\n\t\t\t\t<\/div>\n\t\t\t\t\t<\/div>\n\t\t<\/div>\n\t\t\t\t<div class=\"elementor-column elementor-col-50 elementor-top-column elementor-element elementor-element-32a2b76d\" data-id=\"32a2b76d\" data-element_type=\"column\">\n\t\t\t<div class=\"elementor-widget-wrap elementor-element-populated\">\n\t\t\t\t\t\t<div class=\"elementor-element elementor-element-43d77a0 elementor-widget elementor-widget-mae-parallax-image\" data-id=\"43d77a0\" data-element_type=\"widget\" data-widget_type=\"mae-parallax-image.default\">\n\t\t\t\t<div class=\"elementor-widget-container\">\n\t\t\t\t\t\t\t<div class=\"master-parallax-box\">\n\t\t\t<div class=\"parallax-wrap\">\n\t\t\t\t\t\t\t\t\t<div class=\"master-parallax-item elementor-repeater-item-20e363a\" style=\"\" data-parallax='{\"x\" : 50, \"y\" : 0, \"smoothness\" : 30}' data-top=\"-15px\"><img decoding=\"async\" src=\"https:\/\/projeto109.doi2versos.com.br\/wp-content\/uploads\/2025\/10\/2-2.png\" alt=\"\"><\/div>\t\t\t\t\t\t\t<\/div>\n\t\t<\/div>\n\t    \t\t\t\t<\/div>\n\t\t\t\t<\/div>\n\t\t\t\t\t<\/div>\n\t\t<\/div>\n\t\t\t\t\t<\/div>\n\t\t<\/section>\n\t\t<div class=\"elementor-element elementor-element-407a445 e-flex e-con-boxed e-con e-parent\" data-id=\"407a445\" data-element_type=\"container\">\n\t\t\t\t\t<div class=\"e-con-inner\">\n\t\t\t\t<div class=\"elementor-element elementor-element-ae5ee46 elementor-widget elementor-widget-spacer\" data-id=\"ae5ee46\" data-element_type=\"widget\" data-widget_type=\"spacer.default\">\n\t\t\t\t\t\t\t<div class=\"elementor-spacer\">\n\t\t\t<div class=\"elementor-spacer-inner\"><\/div>\n\t\t<\/div>\n\t\t\t\t\t\t<\/div>\n\t\t\t\t\t<\/div>\n\t\t\t\t<\/div>\n\t\t\t\t<section class=\"elementor-section elementor-top-section elementor-element elementor-element-e834e2 elementor-section-stretched elementor-section-full_width elementor-section-height-default elementor-section-height-default\" data-id=\"e834e2\" data-element_type=\"section\" data-settings=\"{&quot;stretch_section&quot;:&quot;section-stretched&quot;,&quot;background_background&quot;:&quot;classic&quot;}\">\n\t\t\t\t\t\t<div class=\"elementor-container elementor-column-gap-default\">\n\t\t\t\t\t<div class=\"elementor-column elementor-col-100 elementor-top-column elementor-element elementor-element-5be543cb\" data-id=\"5be543cb\" data-element_type=\"column\">\n\t\t\t<div class=\"elementor-widget-wrap elementor-element-populated\">\n\t\t\t\t\t\t<div class=\"elementor-element elementor-element-37dd2d6d elementor-widget elementor-widget-spacer\" data-id=\"37dd2d6d\" data-element_type=\"widget\" data-widget_type=\"spacer.default\">\n\t\t\t\t\t\t\t<div class=\"elementor-spacer\">\n\t\t\t<div class=\"elementor-spacer-inner\"><\/div>\n\t\t<\/div>\n\t\t\t\t\t\t<\/div>\n\t\t\t\t<div class=\"elementor-element elementor-element-441a70a2 elementor-widget elementor-widget-spacer\" data-id=\"441a70a2\" data-element_type=\"widget\" data-widget_type=\"spacer.default\">\n\t\t\t\t\t\t\t<div class=\"elementor-spacer\">\n\t\t\t<div class=\"elementor-spacer-inner\"><\/div>\n\t\t<\/div>\n\t\t\t\t\t\t<\/div>\n\t\t\t\t<section class=\"elementor-section elementor-inner-section elementor-element elementor-element-3aefa044 elementor-section-boxed elementor-section-height-default elementor-section-height-default\" data-id=\"3aefa044\" data-element_type=\"section\">\n\t\t\t\t\t\t<div class=\"elementor-container elementor-column-gap-extended\">\n\t\t\t\t\t<div class=\"elementor-column elementor-col-33 elementor-inner-column elementor-element elementor-element-27da3580\" data-id=\"27da3580\" data-element_type=\"column\">\n\t\t\t<div class=\"elementor-widget-wrap elementor-element-populated\">\n\t\t\t\t\t\t<div class=\"elementor-element elementor-element-6777f2fb icon-position-left align-left icon-has-bg hover-effect-none elementor-widget elementor-widget-mae-icon-box\" data-id=\"6777f2fb\" data-element_type=\"widget\" data-widget_type=\"mae-icon-box.default\">\n\t\t\t\t<div class=\"elementor-widget-container\">\n\t\t\t\t\t\n        <div class=\"master-icon-box\" >\n            \n            <div class=\"icon-wrap\"><div class=\"master-icon\"><i class=\"byr byr-engineer1\"><\/i><\/div><\/div>\n            <div class=\"text-wrap\">\n                <h3 class=\"headline-2\">Nuvem de pontos registrada<\/h3><div class=\"desc\"> Varreduras alinhadas e coloridas em 360\u00b0. Precis\u00e3o at\u00e9 ~1% da realidade.<\/div>            <\/div>\n        <\/div>\n\n        \t\t\t\t<\/div>\n\t\t\t\t<\/div>\n\t\t\t\t\t<\/div>\n\t\t<\/div>\n\t\t\t\t<div class=\"elementor-column elementor-col-33 elementor-inner-column elementor-element elementor-element-10cc716b\" data-id=\"10cc716b\" data-element_type=\"column\">\n\t\t\t<div class=\"elementor-widget-wrap elementor-element-populated\">\n\t\t\t\t\t\t<div class=\"elementor-element elementor-element-116b683c icon-position-left align-left icon-has-bg hover-effect-none elementor-widget elementor-widget-mae-icon-box\" data-id=\"116b683c\" data-element_type=\"widget\" data-widget_type=\"mae-icon-box.default\">\n\t\t\t\t<div class=\"elementor-widget-container\">\n\t\t\t\t\t\n        <div class=\"master-icon-box\" >\n            \n            <div class=\"icon-wrap\"><div class=\"master-icon\"><i class=\"byr byr-barrel\"><\/i><\/div><\/div>\n            <div class=\"text-wrap\">\n                <h3 class=\"headline-2\">Planta baixa ortogonal<\/h3><div class=\"desc\">Vista t\u00e9cnica pronta para refer\u00eancia. Leitura r\u00e1pida de \u00e1reas e circula\u00e7\u00f5es.<\/div>            <\/div>\n        <\/div>\n\n        \t\t\t\t<\/div>\n\t\t\t\t<\/div>\n\t\t\t\t\t<\/div>\n\t\t<\/div>\n\t\t\t\t<div class=\"elementor-column elementor-col-33 elementor-inner-column elementor-element elementor-element-14feeba9\" data-id=\"14feeba9\" data-element_type=\"column\">\n\t\t\t<div class=\"elementor-widget-wrap elementor-element-populated\">\n\t\t\t\t\t\t<div class=\"elementor-element elementor-element-6df87858 icon-position-left align-left icon-has-bg hover-effect-none elementor-widget elementor-widget-mae-icon-box\" data-id=\"6df87858\" data-element_type=\"widget\" data-widget_type=\"mae-icon-box.default\">\n\t\t\t\t<div class=\"elementor-widget-container\">\n\t\t\t\t\t\n        <div class=\"master-icon-box\" >\n            \n            <div class=\"icon-wrap\"><div class=\"master-icon\"><i class=\"byr byr-factory-1\"><\/i><\/div><\/div>\n            <div class=\"text-wrap\">\n                <h3 class=\"headline-2\">Planta de teto refletido<\/h3><div class=\"desc\">Mapeamento de lumin\u00e1rias e dutos. Apoio direto \u00e0s disciplinas de instala\u00e7\u00f5es.<\/div>            <\/div>\n        <\/div>\n\n        \t\t\t\t<\/div>\n\t\t\t\t<\/div>\n\t\t\t\t\t<\/div>\n\t\t<\/div>\n\t\t\t\t\t<\/div>\n\t\t<\/section>\n\t\t\t\t<section class=\"elementor-section elementor-inner-section elementor-element elementor-element-92cd8f4 elementor-section-boxed elementor-section-height-default elementor-section-height-default\" data-id=\"92cd8f4\" data-element_type=\"section\">\n\t\t\t\t\t\t<div class=\"elementor-container elementor-column-gap-extended\">\n\t\t\t\t\t<div class=\"elementor-column elementor-col-33 elementor-inner-column elementor-element elementor-element-49b49e7\" data-id=\"49b49e7\" data-element_type=\"column\">\n\t\t\t<div class=\"elementor-widget-wrap elementor-element-populated\">\n\t\t\t\t\t\t<div class=\"elementor-element elementor-element-7837505e icon-position-left align-left icon-has-bg hover-effect-none elementor-widget elementor-widget-mae-icon-box\" data-id=\"7837505e\" data-element_type=\"widget\" data-widget_type=\"mae-icon-box.default\">\n\t\t\t\t<div class=\"elementor-widget-container\">\n\t\t\t\t\t\n        <div class=\"master-icon-box\" >\n            \n            <div class=\"icon-wrap\"><div class=\"master-icon\"><i class=\"byr byr-engineer\"><\/i><\/div><\/div>\n            <div class=\"text-wrap\">\n                <h3 class=\"headline-2\">Compatibilidade BIM<\/h3><div class=\"desc\"> Arquivos prontos para Revit\/Recap\/AutoCAD. Fluxo cont\u00ednuo sem convers\u00f5es complexas.<\/div>            <\/div>\n        <\/div>\n\n        \t\t\t\t<\/div>\n\t\t\t\t<\/div>\n\t\t\t\t\t<\/div>\n\t\t<\/div>\n\t\t\t\t<div class=\"elementor-column elementor-col-33 elementor-inner-column elementor-element elementor-element-1e5aa0\" data-id=\"1e5aa0\" data-element_type=\"column\">\n\t\t\t<div class=\"elementor-widget-wrap\">\n\t\t\t\t\t\t\t<\/div>\n\t\t<\/div>\n\t\t\t\t<div class=\"elementor-column elementor-col-33 elementor-inner-column elementor-element elementor-element-62866e5a\" data-id=\"62866e5a\" data-element_type=\"column\">\n\t\t\t<div class=\"elementor-widget-wrap elementor-element-populated\">\n\t\t\t\t\t\t<div class=\"elementor-element elementor-element-66113f6d icon-position-left align-left icon-has-bg hover-effect-none elementor-widget elementor-widget-mae-icon-box\" data-id=\"66113f6d\" data-element_type=\"widget\" data-widget_type=\"mae-icon-box.default\">\n\t\t\t\t<div class=\"elementor-widget-container\">\n\t\t\t\t\t\n        <div class=\"master-icon-box\" >\n            \n            <div class=\"icon-wrap\"><div class=\"master-icon\"><i class=\"byr byr-robotic-arm\"><\/i><\/div><\/div>\n            <div class=\"text-wrap\">\n                <h3 class=\"headline-2\">Relat\u00f3rio t\u00e9cnico<\/h3><div class=\"desc\">Entrega com escopo, m\u00e9todos e limites. Transpar\u00eancia na documenta\u00e7\u00e3o de campo.<\/div>            <\/div>\n        <\/div>\n\n        \t\t\t\t<\/div>\n\t\t\t\t<\/div>\n\t\t\t\t\t<\/div>\n\t\t<\/div>\n\t\t\t\t\t<\/div>\n\t\t<\/section>\n\t\t\t\t<div class=\"elementor-element elementor-element-57891968 elementor-widget elementor-widget-spacer\" data-id=\"57891968\" data-element_type=\"widget\" data-widget_type=\"spacer.default\">\n\t\t\t\t\t\t\t<div class=\"elementor-spacer\">\n\t\t\t<div class=\"elementor-spacer-inner\"><\/div>\n\t\t<\/div>\n\t\t\t\t\t\t<\/div>\n\t\t\t\t\t<\/div>\n\t\t<\/div>\n\t\t\t\t\t<\/div>\n\t\t<\/section>\n\t\t\t\t<section class=\"elementor-section elementor-top-section elementor-element elementor-element-6787eab8 elementor-section-boxed elementor-section-height-default elementor-section-height-default\" data-id=\"6787eab8\" data-element_type=\"section\">\n\t\t\t\t\t\t<div class=\"elementor-container elementor-column-gap-no\">\n\t\t\t\t\t<div class=\"elementor-column elementor-col-33 elementor-top-column elementor-element elementor-element-3f6e1c0a\" data-id=\"3f6e1c0a\" data-element_type=\"column\">\n\t\t\t<div class=\"elementor-widget-wrap elementor-element-populated\">\n\t\t\t\t\t\t<div class=\"elementor-element elementor-element-29ef8f7b hover-effect-none elementor-widget elementor-widget-mae-service-box\" data-id=\"29ef8f7b\" data-element_type=\"widget\" data-widget_type=\"mae-service-box.default\">\n\t\t\t\t<div class=\"elementor-widget-container\">\n\t\t\t\t\t        <div class=\"master-service mlr-1764699879 item-carousel  \">\n            \n            <div class=\"content-wrap\">\n                <h3 class=\"headline-2\">Documenta\u00e7\u00e3o confi\u00e1vel<\/h3><div class=\"desc\"><p><span style=\"font-weight: 400;\">Dados do existente eliminam discrep\u00e2ncias entre \u201ccomo era\u201d e \u201ccomo \u00e9\u201d.<\/span><span style=\"font-weight: 400;\"><br \/><\/span><span style=\"font-weight: 400;\"> Evita surpresas e refor\u00e7a a seguran\u00e7a do planejamento.<\/span><span style=\"font-weight: 400;\"><br \/><\/span><span style=\"font-weight: 400;\"> Traz rastreabilidade para decis\u00f5es.<\/span><\/p><\/div>            <div class=\"url-wrap\">\n                <a class=\"master-link  icon-right\" href=\"\" >\n                                        <span><\/span>\n                    <span class=\"icon fa fa-arrow-right\"><\/span>                <\/a>\n            <\/div>\n\n                        <\/div>\n        <\/div>\n\n        \t\t\t\t<\/div>\n\t\t\t\t<\/div>\n\t\t\t\t\t<\/div>\n\t\t<\/div>\n\t\t\t\t<div class=\"elementor-column elementor-col-33 elementor-top-column elementor-element elementor-element-6da3d83e\" data-id=\"6da3d83e\" data-element_type=\"column\">\n\t\t\t<div class=\"elementor-widget-wrap elementor-element-populated\">\n\t\t\t\t\t\t<div class=\"elementor-element elementor-element-6718391f hover-effect-none elementor-widget elementor-widget-mae-service-box\" data-id=\"6718391f\" data-element_type=\"widget\" data-widget_type=\"mae-service-box.default\">\n\t\t\t\t<div class=\"elementor-widget-container\">\n\t\t\t\t\t        <div class=\"master-service mlr-1773466707 item-carousel  \">\n            \n            <div class=\"content-wrap\">\n                <h3 class=\"headline-2\">Integra\u00e7\u00e3o com BIM<\/h3><div class=\"desc\"><p><span style=\"font-weight: 400;\">Modelos baseados em realidade entram no pipeline do projeto.<\/span><span style=\"font-weight: 400;\"><br \/><\/span><span style=\"font-weight: 400;\"> Padroniza informa\u00e7\u00f5es e facilita a coordena\u00e7\u00e3o de disciplinas.<\/span><span style=\"font-weight: 400;\"><br \/><\/span><span style=\"font-weight: 400;\"> Minimiza perdas em convers\u00f5es.<\/span><\/p><\/div>            <div class=\"url-wrap\">\n                <a class=\"master-link  icon-right\" href=\"\" >\n                                        <span><\/span>\n                    <span class=\"icon fa fa-arrow-right\"><\/span>                <\/a>\n            <\/div>\n\n                        <\/div>\n        <\/div>\n\n        \t\t\t\t<\/div>\n\t\t\t\t<\/div>\n\t\t\t\t\t<\/div>\n\t\t<\/div>\n\t\t\t\t<div class=\"elementor-column elementor-col-33 elementor-top-column elementor-element elementor-element-1e792d61\" data-id=\"1e792d61\" data-element_type=\"column\">\n\t\t\t<div class=\"elementor-widget-wrap elementor-element-populated\">\n\t\t\t\t\t\t<div class=\"elementor-element elementor-element-8689fa9 hover-effect-none elementor-widget elementor-widget-mae-service-box\" data-id=\"8689fa9\" data-element_type=\"widget\" data-widget_type=\"mae-service-box.default\">\n\t\t\t\t<div class=\"elementor-widget-container\">\n\t\t\t\t\t        <div class=\"master-service mlr-1345581628 item-carousel  \">\n            \n            <div class=\"content-wrap\">\n                <h3 class=\"headline-2\">Efici\u00eancia na obra<\/h3><div class=\"desc\"><p><span style=\"font-weight: 400;\">Menos retrabalho por incompatibilidades e lacunas.<\/span><span style=\"font-weight: 400;\"><br \/><\/span><span style=\"font-weight: 400;\"> Cronogramas mais realistas e controlados.<\/span><span style=\"font-weight: 400;\"><br \/><\/span><span style=\"font-weight: 400;\"> Melhor previsibilidade de custo.<\/span><\/p><\/div>            <div class=\"url-wrap\">\n                <a class=\"master-link  icon-right\" href=\"\" >\n                                        <span><\/span>\n                    <span class=\"icon fa fa-arrow-right\"><\/span>                <\/a>\n            <\/div>\n\n                        <\/div>\n        <\/div>\n\n        \t\t\t\t<\/div>\n\t\t\t\t<\/div>\n\t\t\t\t\t<\/div>\n\t\t<\/div>\n\t\t\t\t\t<\/div>\n\t\t<\/section>\n\t\t\t\t<\/div>\n\t\t","protected":false},"excerpt":{"rendered":"<p>Modelagem fiel a partir da realidade constru\u00edda Capturamos o existente com laser scanning de alta precis\u00e3o para basear o projeto no real. Geramos modelos e vistas que se integram a Revit, AutoCAD e Recap sem fric\u00e7\u00e3o. A documenta\u00e7\u00e3o as built reduz erros, imprevistos e custos de obra.<\/p>\n","protected":false},"author":1,"featured_media":0,"parent":0,"menu_order":0,"comment_status":"closed","ping_status":"closed","template":"","meta":{"footnotes":""},"class_list":["post-2315","page","type-page","status-publish","hentry"],"_links":{"self":[{"href":"https:\/\/projeto109.doi2versos.com.br\/index.php\/wp-json\/wp\/v2\/pages\/2315","targetHints":{"allow":["GET"]}}],"collection":[{"href":"https:\/\/projeto109.doi2versos.com.br\/index.php\/wp-json\/wp\/v2\/pages"}],"about":[{"href":"https:\/\/projeto109.doi2versos.com.br\/index.php\/wp-json\/wp\/v2\/types\/page"}],"author":[{"embeddable":true,"href":"https:\/\/projeto109.doi2versos.com.br\/index.php\/wp-json\/wp\/v2\/users\/1"}],"replies":[{"embeddable":true,"href":"https:\/\/projeto109.doi2versos.com.br\/index.php\/wp-json\/wp\/v2\/comments?post=2315"}],"version-history":[{"count":13,"href":"https:\/\/projeto109.doi2versos.com.br\/index.php\/wp-json\/wp\/v2\/pages\/2315\/revisions"}],"predecessor-version":[{"id":2480,"href":"https:\/\/projeto109.doi2versos.com.br\/index.php\/wp-json\/wp\/v2\/pages\/2315\/revisions\/2480"}],"wp:attachment":[{"href":"https:\/\/projeto109.doi2versos.com.br\/index.php\/wp-json\/wp\/v2\/media?parent=2315"}],"curies":[{"name":"wp","href":"https:\/\/api.w.org\/{rel}","templated":true}]}}