{"id":2162,"date":"2025-10-07T16:17:13","date_gmt":"2025-10-07T16:17:13","guid":{"rendered":"https:\/\/projeto109.doi2versos.com.br\/?page_id=2162"},"modified":"2025-10-10T00:54:40","modified_gmt":"2025-10-10T00:54:40","slug":"tour-3d-imersivo","status":"publish","type":"page","link":"https:\/\/projeto109.doi2versos.com.br\/index.php\/tour-3d-imersivo\/","title":{"rendered":"Tour 3D Imersivo"},"content":{"rendered":"\t\t<div data-elementor-type=\"wp-page\" data-elementor-id=\"2162\" class=\"elementor elementor-2162\">\n\t\t\t\t\t\t<section class=\"elementor-section elementor-top-section elementor-element elementor-element-4ad0236 elementor-section-content-middle elementor-section-boxed elementor-section-height-default elementor-section-height-default\" data-id=\"4ad0236\" data-element_type=\"section\">\n\t\t\t\t\t\t<div class=\"elementor-container elementor-column-gap-extended\">\n\t\t\t\t\t<div class=\"elementor-column elementor-col-50 elementor-top-column elementor-element elementor-element-8d3ea69\" data-id=\"8d3ea69\" data-element_type=\"column\">\n\t\t\t<div class=\"elementor-widget-wrap elementor-element-populated\">\n\t\t\t\t\t\t<div class=\"elementor-element elementor-element-1133a9a align-left elementor-widget elementor-widget-mae-headings\" data-id=\"1133a9a\" data-element_type=\"widget\" data-widget_type=\"mae-headings.default\">\n\t\t\t\t<div class=\"elementor-widget-container\">\n\t\t\t\t\t\t\t<div class=\"master-heading\">\n\t        \n\t        \t        <h2 class=\"main-heading\">Explore ambientes em 360\u00b0 com interatividade total<\/h2>\n\t        \n\t        \t        <div class=\"divider\"><\/div>\n\t        \n\t        \t            <div class=\"sub-heading\"> Transforme espa\u00e7os f\u00edsicos em visitas virtuais realistas e naveg\u00e1veis.\n Percorra o ambiente em 360\u00b0, acesse m\u00faltiplos andares e compreenda o espa\u00e7o.\n Fa\u00e7a medi\u00e7\u00f5es com trena digital e marque pontos com tags informativas.\n Otimize apresenta\u00e7\u00f5es, vendas e alinhamento entre equipes e fornecedores.\n Reduza visitas presenciais, retrabalhos e d\u00favidas de projeto.<\/div>\n\t        \t    <\/div>\n\t    \t\t\t\t<\/div>\n\t\t\t\t<\/div>\n\t\t\t\t\t<\/div>\n\t\t<\/div>\n\t\t\t\t<div class=\"elementor-column elementor-col-50 elementor-top-column elementor-element elementor-element-fd6d32b\" data-id=\"fd6d32b\" data-element_type=\"column\">\n\t\t\t<div class=\"elementor-widget-wrap elementor-element-populated\">\n\t\t\t\t\t\t<div class=\"elementor-element elementor-element-3566efc elementor-widget elementor-widget-mae-parallax-image\" data-id=\"3566efc\" data-element_type=\"widget\" data-widget_type=\"mae-parallax-image.default\">\n\t\t\t\t<div class=\"elementor-widget-container\">\n\t\t\t\t\t\t\t<div class=\"master-parallax-box\">\n\t\t\t<div class=\"parallax-wrap\">\n\t\t\t\t\t\t\t\t\t<div class=\"master-parallax-item elementor-repeater-item-20e363a\" style=\"\" data-parallax='{\"x\" : 50, \"y\" : 0, \"smoothness\" : 30}' data-top=\"-15px\"><img decoding=\"async\" src=\"https:\/\/projeto109.doi2versos.com.br\/wp-content\/uploads\/2025\/10\/1-2.png\" alt=\"\"><\/div>\t\t\t\t\t\t\t<\/div>\n\t\t<\/div>\n\t    \t\t\t\t<\/div>\n\t\t\t\t<\/div>\n\t\t\t\t\t<\/div>\n\t\t<\/div>\n\t\t\t\t\t<\/div>\n\t\t<\/section>\n\t\t<div class=\"elementor-element elementor-element-35810f3 e-flex e-con-boxed e-con e-parent\" data-id=\"35810f3\" data-element_type=\"container\">\n\t\t\t\t\t<div class=\"e-con-inner\">\n\t\t\t\t<div class=\"elementor-element elementor-element-d74034b elementor-widget elementor-widget-spacer\" data-id=\"d74034b\" data-element_type=\"widget\" data-widget_type=\"spacer.default\">\n\t\t\t\t\t\t\t<div class=\"elementor-spacer\">\n\t\t\t<div class=\"elementor-spacer-inner\"><\/div>\n\t\t<\/div>\n\t\t\t\t\t\t<\/div>\n\t\t\t\t\t<\/div>\n\t\t\t\t<\/div>\n\t\t\t\t<section class=\"elementor-section elementor-top-section elementor-element elementor-element-a2b73d6 elementor-section-stretched elementor-section-full_width elementor-section-height-default elementor-section-height-default\" data-id=\"a2b73d6\" data-element_type=\"section\" data-settings=\"{&quot;stretch_section&quot;:&quot;section-stretched&quot;,&quot;background_background&quot;:&quot;classic&quot;}\">\n\t\t\t\t\t\t<div class=\"elementor-container elementor-column-gap-default\">\n\t\t\t\t\t<div class=\"elementor-column elementor-col-100 elementor-top-column elementor-element elementor-element-4286703\" data-id=\"4286703\" data-element_type=\"column\">\n\t\t\t<div class=\"elementor-widget-wrap elementor-element-populated\">\n\t\t\t\t\t\t<div class=\"elementor-element elementor-element-cb408c5 elementor-widget elementor-widget-spacer\" data-id=\"cb408c5\" data-element_type=\"widget\" data-widget_type=\"spacer.default\">\n\t\t\t\t\t\t\t<div class=\"elementor-spacer\">\n\t\t\t<div class=\"elementor-spacer-inner\"><\/div>\n\t\t<\/div>\n\t\t\t\t\t\t<\/div>\n\t\t\t\t<div class=\"elementor-element elementor-element-72197b9 elementor-widget elementor-widget-spacer\" data-id=\"72197b9\" data-element_type=\"widget\" data-widget_type=\"spacer.default\">\n\t\t\t\t\t\t\t<div class=\"elementor-spacer\">\n\t\t\t<div class=\"elementor-spacer-inner\"><\/div>\n\t\t<\/div>\n\t\t\t\t\t\t<\/div>\n\t\t\t\t<section class=\"elementor-section elementor-inner-section elementor-element elementor-element-82122d0 elementor-section-boxed elementor-section-height-default elementor-section-height-default\" data-id=\"82122d0\" data-element_type=\"section\">\n\t\t\t\t\t\t<div class=\"elementor-container elementor-column-gap-extended\">\n\t\t\t\t\t<div class=\"elementor-column elementor-col-33 elementor-inner-column elementor-element elementor-element-737b3b0\" data-id=\"737b3b0\" data-element_type=\"column\">\n\t\t\t<div class=\"elementor-widget-wrap elementor-element-populated\">\n\t\t\t\t\t\t<div class=\"elementor-element elementor-element-2589f1a icon-position-left align-left icon-has-bg hover-effect-none elementor-widget elementor-widget-mae-icon-box\" data-id=\"2589f1a\" data-element_type=\"widget\" data-widget_type=\"mae-icon-box.default\">\n\t\t\t\t<div class=\"elementor-widget-container\">\n\t\t\t\t\t\n        <div class=\"master-icon-box\" >\n            \n            <div class=\"icon-wrap\"><div class=\"master-icon\"><i class=\"byr byr-engineer1\"><\/i><\/div><\/div>\n            <div class=\"text-wrap\">\n                <h3 class=\"headline-2\">Visita caminh\u00e1vel 360\u00b0<\/h3><div class=\"desc\"> Experi\u00eancia imersiva que simula a presen\u00e7a no local. Facilita an\u00e1lise e apresenta\u00e7\u00e3o.<\/div>            <\/div>\n        <\/div>\n\n        \t\t\t\t<\/div>\n\t\t\t\t<\/div>\n\t\t\t\t\t<\/div>\n\t\t<\/div>\n\t\t\t\t<div class=\"elementor-column elementor-col-33 elementor-inner-column elementor-element elementor-element-1dbfe29\" data-id=\"1dbfe29\" data-element_type=\"column\">\n\t\t\t<div class=\"elementor-widget-wrap elementor-element-populated\">\n\t\t\t\t\t\t<div class=\"elementor-element elementor-element-c2ebe7f icon-position-left align-left icon-has-bg hover-effect-none elementor-widget elementor-widget-mae-icon-box\" data-id=\"c2ebe7f\" data-element_type=\"widget\" data-widget_type=\"mae-icon-box.default\">\n\t\t\t\t<div class=\"elementor-widget-container\">\n\t\t\t\t\t\n        <div class=\"master-icon-box\" >\n            \n            <div class=\"icon-wrap\"><div class=\"master-icon\"><i class=\"byr byr-factory-1\"><\/i><\/div><\/div>\n            <div class=\"text-wrap\">\n                <h3 class=\"headline-2\">Trena digital<\/h3><div class=\"desc\">Me\u00e7a dist\u00e2ncias diretamente no tour. Agilidade sem necessidade de retorno a campo.<\/div>            <\/div>\n        <\/div>\n\n        \t\t\t\t<\/div>\n\t\t\t\t<\/div>\n\t\t\t\t\t<\/div>\n\t\t<\/div>\n\t\t\t\t<div class=\"elementor-column elementor-col-33 elementor-inner-column elementor-element elementor-element-268203f\" data-id=\"268203f\" data-element_type=\"column\">\n\t\t\t<div class=\"elementor-widget-wrap elementor-element-populated\">\n\t\t\t\t\t\t<div class=\"elementor-element elementor-element-473bd94 icon-position-left align-left icon-has-bg hover-effect-none elementor-widget elementor-widget-mae-icon-box\" data-id=\"473bd94\" data-element_type=\"widget\" data-widget_type=\"mae-icon-box.default\">\n\t\t\t\t<div class=\"elementor-widget-container\">\n\t\t\t\t\t\n        <div class=\"master-icon-box\" >\n            \n            <div class=\"icon-wrap\"><div class=\"master-icon\"><i class=\"byr byr-barrel\"><\/i><\/div><\/div>\n            <div class=\"text-wrap\">\n                <h3 class=\"headline-2\">Planta baixa e teto refletido<\/h3><div class=\"desc\">Vista ortogonal do piso e do teto. R\u00e1pida leitura de layout e instala\u00e7\u00f5es.<\/div>            <\/div>\n        <\/div>\n\n        \t\t\t\t<\/div>\n\t\t\t\t<\/div>\n\t\t\t\t\t<\/div>\n\t\t<\/div>\n\t\t\t\t\t<\/div>\n\t\t<\/section>\n\t\t\t\t<section class=\"elementor-section elementor-inner-section elementor-element elementor-element-f457e92 elementor-section-boxed elementor-section-height-default elementor-section-height-default\" data-id=\"f457e92\" data-element_type=\"section\">\n\t\t\t\t\t\t<div class=\"elementor-container elementor-column-gap-extended\">\n\t\t\t\t\t<div class=\"elementor-column elementor-col-33 elementor-inner-column elementor-element elementor-element-0ed4a17\" data-id=\"0ed4a17\" data-element_type=\"column\">\n\t\t\t<div class=\"elementor-widget-wrap elementor-element-populated\">\n\t\t\t\t\t\t<div class=\"elementor-element elementor-element-d3502e5 icon-position-left align-left icon-has-bg hover-effect-none elementor-widget elementor-widget-mae-icon-box\" data-id=\"d3502e5\" data-element_type=\"widget\" data-widget_type=\"mae-icon-box.default\">\n\t\t\t\t<div class=\"elementor-widget-container\">\n\t\t\t\t\t\n        <div class=\"master-icon-box\" >\n            \n            <div class=\"icon-wrap\"><div class=\"master-icon\"><i class=\"byr byr-engineer\"><\/i><\/div><\/div>\n            <div class=\"text-wrap\">\n                <h3 class=\"headline-2\">Tags de conte\u00fado<\/h3><div class=\"desc\">Inser\u00e7\u00e3o de notas, v\u00eddeos e links. Documenta\u00e7\u00e3o t\u00e9cnica acess\u00edvel no pr\u00f3prio tour.<\/div>            <\/div>\n        <\/div>\n\n        \t\t\t\t<\/div>\n\t\t\t\t<\/div>\n\t\t\t\t\t<\/div>\n\t\t<\/div>\n\t\t\t\t<div class=\"elementor-column elementor-col-33 elementor-inner-column elementor-element elementor-element-f7e9405\" data-id=\"f7e9405\" data-element_type=\"column\">\n\t\t\t<div class=\"elementor-widget-wrap\">\n\t\t\t\t\t\t\t<\/div>\n\t\t<\/div>\n\t\t\t\t<div class=\"elementor-column elementor-col-33 elementor-inner-column elementor-element elementor-element-6d17c05\" data-id=\"6d17c05\" data-element_type=\"column\">\n\t\t\t<div class=\"elementor-widget-wrap elementor-element-populated\">\n\t\t\t\t\t\t<div class=\"elementor-element elementor-element-b00cb72 icon-position-left align-left icon-has-bg hover-effect-none elementor-widget elementor-widget-mae-icon-box\" data-id=\"b00cb72\" data-element_type=\"widget\" data-widget_type=\"mae-icon-box.default\">\n\t\t\t\t<div class=\"elementor-widget-container\">\n\t\t\t\t\t\n        <div class=\"master-icon-box\" >\n            \n            <div class=\"icon-wrap\"><div class=\"master-icon\"><i class=\"byr byr-robotic-arm\"><\/i><\/div><\/div>\n            <div class=\"text-wrap\">\n                <h3 class=\"headline-2\">M\u00faltiplos andares<\/h3><div class=\"desc\">roca de n\u00edveis com um clique. Visualiza\u00e7\u00e3o organizada de edif\u00edcios complexos.<\/div>            <\/div>\n        <\/div>\n\n        \t\t\t\t<\/div>\n\t\t\t\t<\/div>\n\t\t\t\t\t<\/div>\n\t\t<\/div>\n\t\t\t\t\t<\/div>\n\t\t<\/section>\n\t\t\t\t<div class=\"elementor-element elementor-element-b946c4c elementor-widget elementor-widget-spacer\" data-id=\"b946c4c\" data-element_type=\"widget\" data-widget_type=\"spacer.default\">\n\t\t\t\t\t\t\t<div class=\"elementor-spacer\">\n\t\t\t<div class=\"elementor-spacer-inner\"><\/div>\n\t\t<\/div>\n\t\t\t\t\t\t<\/div>\n\t\t\t\t\t<\/div>\n\t\t<\/div>\n\t\t\t\t\t<\/div>\n\t\t<\/section>\n\t\t\t\t<section class=\"elementor-section elementor-top-section elementor-element elementor-element-17b1e5c elementor-section-boxed elementor-section-height-default elementor-section-height-default\" data-id=\"17b1e5c\" data-element_type=\"section\">\n\t\t\t\t\t\t<div class=\"elementor-container elementor-column-gap-no\">\n\t\t\t\t\t<div class=\"elementor-column elementor-col-33 elementor-top-column elementor-element elementor-element-b5a493d\" data-id=\"b5a493d\" data-element_type=\"column\">\n\t\t\t<div class=\"elementor-widget-wrap elementor-element-populated\">\n\t\t\t\t\t\t<div class=\"elementor-element elementor-element-fff77ab hover-effect-none elementor-widget elementor-widget-mae-service-box\" data-id=\"fff77ab\" data-element_type=\"widget\" data-widget_type=\"mae-service-box.default\">\n\t\t\t\t<div class=\"elementor-widget-container\">\n\t\t\t\t\t        <div class=\"master-service mlr-1395689069 item-carousel  \">\n            \n            <div class=\"content-wrap\">\n                <h3 class=\"headline-2\">Apresenta\u00e7\u00e3o profissional<\/h3><div class=\"desc\"><p><span style=\"font-weight: 400;\">\u00a0Substitui vistorias preliminares com uma experi\u00eancia clara e impactante.<\/span><span style=\"font-weight: 400;\"><br \/><\/span><span style=\"font-weight: 400;\"> Melhora entendimento do cliente e acelera aprova\u00e7\u00f5es.<\/span><span style=\"font-weight: 400;\"><br \/><\/span><span style=\"font-weight: 400;\"> Gera confian\u00e7a ao entregar informa\u00e7\u00e3o visual rica e naveg\u00e1vel.<\/span><\/p><\/div>            <div class=\"url-wrap\">\n                <a class=\"master-link  icon-right\" href=\"\" >\n                                        <span><\/span>\n                    <span class=\"icon fa fa-arrow-right\"><\/span>                <\/a>\n            <\/div>\n\n                        <\/div>\n        <\/div>\n\n        \t\t\t\t<\/div>\n\t\t\t\t<\/div>\n\t\t\t\t\t<\/div>\n\t\t<\/div>\n\t\t\t\t<div class=\"elementor-column elementor-col-33 elementor-top-column elementor-element elementor-element-5f62e02\" data-id=\"5f62e02\" data-element_type=\"column\">\n\t\t\t<div class=\"elementor-widget-wrap elementor-element-populated\">\n\t\t\t\t\t\t<div class=\"elementor-element elementor-element-bc24d43 hover-effect-none elementor-widget elementor-widget-mae-service-box\" data-id=\"bc24d43\" data-element_type=\"widget\" data-widget_type=\"mae-service-box.default\">\n\t\t\t\t<div class=\"elementor-widget-container\">\n\t\t\t\t\t        <div class=\"master-service mlr-635142815 item-carousel  \">\n            \n            <div class=\"content-wrap\">\n                <h3 class=\"headline-2\">Decis\u00e3o mais r\u00e1pida<\/h3><div class=\"desc\"><p><span style=\"font-weight: 400;\">Medi\u00e7\u00f5es e evid\u00eancias visuais reduzem incertezas no planejamento.<\/span><span style=\"font-weight: 400;\"><br \/><\/span><span style=\"font-weight: 400;\"> Times tomam decis\u00f5es com base em dados, n\u00e3o em suposi\u00e7\u00f5es.<\/span><span style=\"font-weight: 400;\"><br \/><\/span><span style=\"font-weight: 400;\"> Menos idas a campo e menos retrabalho.<\/span><\/p><\/div>            <div class=\"url-wrap\">\n                <a class=\"master-link  icon-right\" href=\"\" >\n                                        <span><\/span>\n                    <span class=\"icon fa fa-arrow-right\"><\/span>                <\/a>\n            <\/div>\n\n                        <\/div>\n        <\/div>\n\n        \t\t\t\t<\/div>\n\t\t\t\t<\/div>\n\t\t\t\t\t<\/div>\n\t\t<\/div>\n\t\t\t\t<div class=\"elementor-column elementor-col-33 elementor-top-column elementor-element elementor-element-d90aca7\" data-id=\"d90aca7\" data-element_type=\"column\">\n\t\t\t<div class=\"elementor-widget-wrap elementor-element-populated\">\n\t\t\t\t\t\t<div class=\"elementor-element elementor-element-aee95f9 hover-effect-none elementor-widget elementor-widget-mae-service-box\" data-id=\"aee95f9\" data-element_type=\"widget\" data-widget_type=\"mae-service-box.default\">\n\t\t\t\t<div class=\"elementor-widget-container\">\n\t\t\t\t\t        <div class=\"master-service mlr-1985131231 item-carousel  \">\n            \n            <div class=\"content-wrap\">\n                <h3 class=\"headline-2\">Colabora\u00e7\u00e3o remota<\/h3><div class=\"desc\"><p><span style=\"font-weight: 400;\">Compartilhe o tour com equipes, fornecedores e clientes.<\/span><span style=\"font-weight: 400;\"><br \/><\/span><span style=\"font-weight: 400;\"> Todos acessam a mesma fonte de verdade, em qualquer dispositivo.<\/span><span style=\"font-weight: 400;\"><br \/><\/span><span style=\"font-weight: 400;\"> Facilita discuss\u00f5es t\u00e9cnicas e registro de pend\u00eancias.<\/span><\/p><\/div>            <div class=\"url-wrap\">\n                <a class=\"master-link  icon-right\" href=\"\" >\n                                        <span><\/span>\n                    <span class=\"icon fa fa-arrow-right\"><\/span>                <\/a>\n            <\/div>\n\n                        <\/div>\n        <\/div>\n\n        \t\t\t\t<\/div>\n\t\t\t\t<\/div>\n\t\t\t\t\t<\/div>\n\t\t<\/div>\n\t\t\t\t\t<\/div>\n\t\t<\/section>\n\t\t\t\t<\/div>\n\t\t","protected":false},"excerpt":{"rendered":"<p>Explore ambientes em 360\u00b0 com interatividade total Transforme espa\u00e7os f\u00edsicos em visitas virtuais realistas e naveg\u00e1veis. Percorra o ambiente em 360\u00b0, acesse m\u00faltiplos andares e compreenda o espa\u00e7o. Fa\u00e7a medi\u00e7\u00f5es com trena digital e marque pontos com tags informativas. Otimize apresenta\u00e7\u00f5es, vendas e alinhamento entre equipes e<\/p>\n","protected":false},"author":1,"featured_media":0,"parent":0,"menu_order":0,"comment_status":"closed","ping_status":"closed","template":"","meta":{"footnotes":""},"class_list":["post-2162","page","type-page","status-publish","hentry"],"_links":{"self":[{"href":"https:\/\/projeto109.doi2versos.com.br\/index.php\/wp-json\/wp\/v2\/pages\/2162","targetHints":{"allow":["GET"]}}],"collection":[{"href":"https:\/\/projeto109.doi2versos.com.br\/index.php\/wp-json\/wp\/v2\/pages"}],"about":[{"href":"https:\/\/projeto109.doi2versos.com.br\/index.php\/wp-json\/wp\/v2\/types\/page"}],"author":[{"embeddable":true,"href":"https:\/\/projeto109.doi2versos.com.br\/index.php\/wp-json\/wp\/v2\/users\/1"}],"replies":[{"embeddable":true,"href":"https:\/\/projeto109.doi2versos.com.br\/index.php\/wp-json\/wp\/v2\/comments?post=2162"}],"version-history":[{"count":19,"href":"https:\/\/projeto109.doi2versos.com.br\/index.php\/wp-json\/wp\/v2\/pages\/2162\/revisions"}],"predecessor-version":[{"id":2477,"href":"https:\/\/projeto109.doi2versos.com.br\/index.php\/wp-json\/wp\/v2\/pages\/2162\/revisions\/2477"}],"wp:attachment":[{"href":"https:\/\/projeto109.doi2versos.com.br\/index.php\/wp-json\/wp\/v2\/media?parent=2162"}],"curies":[{"name":"wp","href":"https:\/\/api.w.org\/{rel}","templated":true}]}}