{"id":1255,"date":"2020-08-21T05:53:02","date_gmt":"2020-08-21T05:53:02","guid":{"rendered":"http:\/\/ninzio.com\/byron\/?page_id=1255"},"modified":"2025-10-10T00:47:30","modified_gmt":"2025-10-10T00:47:30","slug":"servicos","status":"publish","type":"page","link":"https:\/\/projeto109.doi2versos.com.br\/index.php\/servicos\/","title":{"rendered":"Servi\u00e7os"},"content":{"rendered":"\t\t<div data-elementor-type=\"wp-page\" data-elementor-id=\"1255\" class=\"elementor elementor-1255\">\n\t\t\t\t\t\t<section class=\"elementor-section elementor-top-section elementor-element elementor-element-8ba2113 elementor-section-stretched elementor-section-full_width elementor-section-height-default elementor-section-height-default\" data-id=\"8ba2113\" data-element_type=\"section\" data-settings=\"{&quot;stretch_section&quot;:&quot;section-stretched&quot;,&quot;background_background&quot;:&quot;classic&quot;}\">\n\t\t\t\t\t\t<div class=\"elementor-container elementor-column-gap-default\">\n\t\t\t\t\t<div class=\"elementor-column elementor-col-100 elementor-top-column elementor-element elementor-element-b57456b\" data-id=\"b57456b\" data-element_type=\"column\">\n\t\t\t<div class=\"elementor-widget-wrap elementor-element-populated\">\n\t\t\t\t\t\t<div class=\"elementor-element elementor-element-4bf528f elementor-widget elementor-widget-spacer\" data-id=\"4bf528f\" data-element_type=\"widget\" data-widget_type=\"spacer.default\">\n\t\t\t\t\t\t\t<div class=\"elementor-spacer\">\n\t\t\t<div class=\"elementor-spacer-inner\"><\/div>\n\t\t<\/div>\n\t\t\t\t\t\t<\/div>\n\t\t\t\t<div class=\"elementor-element elementor-element-8c1e09c align-center elementor-widget elementor-widget-mae-headings\" data-id=\"8c1e09c\" data-element_type=\"widget\" data-widget_type=\"mae-headings.default\">\n\t\t\t\t<div class=\"elementor-widget-container\">\n\t\t\t\t\t\t\t<div class=\"master-heading\">\n\t        \n\t        \t        <h2 class=\"main-heading\">Nossas Solu\u00e7\u00f5es<\/h2>\n\t        \n\t        \n\t        \t    <\/div>\n\t    \t\t\t\t<\/div>\n\t\t\t\t<\/div>\n\t\t\t\t<div class=\"elementor-element elementor-element-f9595c7 elementor-widget elementor-widget-spacer\" data-id=\"f9595c7\" data-element_type=\"widget\" data-widget_type=\"spacer.default\">\n\t\t\t\t\t\t\t<div class=\"elementor-spacer\">\n\t\t\t<div class=\"elementor-spacer-inner\"><\/div>\n\t\t<\/div>\n\t\t\t\t\t\t<\/div>\n\t\t\t\t<section class=\"elementor-section elementor-inner-section elementor-element elementor-element-4c896e7 elementor-section-boxed elementor-section-height-default elementor-section-height-default\" data-id=\"4c896e7\" data-element_type=\"section\">\n\t\t\t\t\t\t<div class=\"elementor-container elementor-column-gap-extended\">\n\t\t\t\t\t<div class=\"elementor-column elementor-col-33 elementor-inner-column elementor-element elementor-element-75dfa78\" data-id=\"75dfa78\" data-element_type=\"column\">\n\t\t\t<div class=\"elementor-widget-wrap elementor-element-populated\">\n\t\t\t\t\t\t<div class=\"elementor-element elementor-element-e5c6ffb icon-position-left align-left icon-has-bg hover-effect-none elementor-widget elementor-widget-mae-icon-box\" data-id=\"e5c6ffb\" data-element_type=\"widget\" data-widget_type=\"mae-icon-box.default\">\n\t\t\t\t<div class=\"elementor-widget-container\">\n\t\t\t\t\t\n        <div class=\"master-icon-box\" >\n            \n            <div class=\"icon-wrap\"><div class=\"master-icon\"><i class=\"byr byr-engineer1\"><\/i><\/div><\/div>\n            <div class=\"text-wrap\">\n                <h3 class=\"headline-2\">Tour 3D Imersivo<\/h3><div class=\"desc\"> Visualiza\u00e7\u00e3o interativa de ambientes com recursos como visita guiada, trena digital, tags de conte\u00fado, m\u00faltiplos andares, planta baixa e vis\u00e3o do teto.<\/div>            <div class=\"url-wrap\">\n                <a class=\"master-link  icon-right\" href=\"https:\/\/projeto109.doi2versos.com.br\/index.php\/tour-3d-imersivo\/\">\n                                        <span>Saiba  Mais<\/span>\n                    <span class=\"icon fa fa-arrow-right\"><\/span>                <\/a>\n            <\/div>\n\n                        <\/div>\n        <\/div>\n\n        \t\t\t\t<\/div>\n\t\t\t\t<\/div>\n\t\t\t\t\t<\/div>\n\t\t<\/div>\n\t\t\t\t<div class=\"elementor-column elementor-col-33 elementor-inner-column elementor-element elementor-element-017471a\" data-id=\"017471a\" data-element_type=\"column\">\n\t\t\t<div class=\"elementor-widget-wrap elementor-element-populated\">\n\t\t\t\t\t\t<div class=\"elementor-element elementor-element-56d1e0c icon-position-left align-left icon-has-bg hover-effect-none elementor-widget elementor-widget-mae-icon-box\" data-id=\"56d1e0c\" data-element_type=\"widget\" data-widget_type=\"mae-icon-box.default\">\n\t\t\t\t<div class=\"elementor-widget-container\">\n\t\t\t\t\t\n        <div class=\"master-icon-box\" >\n            \n            <div class=\"icon-wrap\"><div class=\"master-icon\"><i class=\"byr byr-factory-1\"><\/i><\/div><\/div>\n            <div class=\"text-wrap\">\n                <h3 class=\"headline-2\">As Built Arquitet\u00f4nico<\/h3><div class=\"desc\"> Modelos baseados em nuvem de pontos com imagens panor\u00e2micas e precis\u00e3o milim\u00e9trica. Ideal para projetos em Revit, AutoCAD e Recap.<\/div>            <div class=\"url-wrap\">\n                <a class=\"master-link  icon-right\" href=\"https:\/\/projeto109.doi2versos.com.br\/index.php\/as-built-arquitetonico\/\">\n                                        <span>Saiba  Mais<\/span>\n                    <span class=\"icon fa fa-arrow-right\"><\/span>                <\/a>\n            <\/div>\n\n                        <\/div>\n        <\/div>\n\n        \t\t\t\t<\/div>\n\t\t\t\t<\/div>\n\t\t\t\t\t<\/div>\n\t\t<\/div>\n\t\t\t\t<div class=\"elementor-column elementor-col-33 elementor-inner-column elementor-element elementor-element-5e4f037\" data-id=\"5e4f037\" data-element_type=\"column\">\n\t\t\t<div class=\"elementor-widget-wrap elementor-element-populated\">\n\t\t\t\t\t\t<div class=\"elementor-element elementor-element-3a3745a icon-position-left align-left icon-has-bg hover-effect-none elementor-widget elementor-widget-mae-icon-box\" data-id=\"3a3745a\" data-element_type=\"widget\" data-widget_type=\"mae-icon-box.default\">\n\t\t\t\t<div class=\"elementor-widget-container\">\n\t\t\t\t\t\n        <div class=\"master-icon-box\" >\n            \n            <div class=\"icon-wrap\"><div class=\"master-icon\"><i class=\"byr byr-barrel\"><\/i><\/div><\/div>\n            <div class=\"text-wrap\">\n                <h3 class=\"headline-2\">Nuvem de Pontos<\/h3><div class=\"desc\"> Dados tridimensionais de alta densidade em formatos compat\u00edveis com a maioria dos softwares de design e BIM (E57, OBJ).<\/div>            <div class=\"url-wrap\">\n                <a class=\"master-link  icon-right\" href=\"https:\/\/projeto109.doi2versos.com.br\/index.php\/nuvem-de-pontos\/\">\n                                        <span>Saiba  Mais<\/span>\n                    <span class=\"icon fa fa-arrow-right\"><\/span>                <\/a>\n            <\/div>\n\n                        <\/div>\n        <\/div>\n\n        \t\t\t\t<\/div>\n\t\t\t\t<\/div>\n\t\t\t\t\t<\/div>\n\t\t<\/div>\n\t\t\t\t\t<\/div>\n\t\t<\/section>\n\t\t\t\t<section class=\"elementor-section elementor-inner-section elementor-element elementor-element-f2fd90c elementor-section-boxed elementor-section-height-default elementor-section-height-default\" data-id=\"f2fd90c\" data-element_type=\"section\">\n\t\t\t\t\t\t<div class=\"elementor-container elementor-column-gap-extended\">\n\t\t\t\t\t<div class=\"elementor-column elementor-col-33 elementor-inner-column elementor-element elementor-element-5eb9440\" data-id=\"5eb9440\" data-element_type=\"column\">\n\t\t\t<div class=\"elementor-widget-wrap elementor-element-populated\">\n\t\t\t\t\t\t<div class=\"elementor-element elementor-element-e2c9b09 icon-position-left align-left icon-has-bg hover-effect-none elementor-widget elementor-widget-mae-icon-box\" data-id=\"e2c9b09\" data-element_type=\"widget\" data-widget_type=\"mae-icon-box.default\">\n\t\t\t\t<div class=\"elementor-widget-container\">\n\t\t\t\t\t\n        <div class=\"master-icon-box\" >\n            \n            <div class=\"icon-wrap\"><div class=\"master-icon\"><i class=\"byr byr-engineer\"><\/i><\/div><\/div>\n            <div class=\"text-wrap\">\n                <h3 class=\"headline-2\">Mapeamentos A\u00e9reos com Drones<\/h3><div class=\"desc\"> Ortomosaicos, modelos digitais, curvas de n\u00edvel e nuvens de pontos com precis\u00e3o georreferenciada.\n<\/div>            <div class=\"url-wrap\">\n                <a class=\"master-link  icon-right\" href=\"https:\/\/projeto109.doi2versos.com.br\/index.php\/mapeamentos-aereos-com-drones\/\">\n                                        <span>Saiba  Mais<\/span>\n                    <span class=\"icon fa fa-arrow-right\"><\/span>                <\/a>\n            <\/div>\n\n                        <\/div>\n        <\/div>\n\n        \t\t\t\t<\/div>\n\t\t\t\t<\/div>\n\t\t\t\t\t<\/div>\n\t\t<\/div>\n\t\t\t\t<div class=\"elementor-column elementor-col-33 elementor-inner-column elementor-element elementor-element-68bfb5a\" data-id=\"68bfb5a\" data-element_type=\"column\">\n\t\t\t<div class=\"elementor-widget-wrap elementor-element-populated\">\n\t\t\t\t\t\t<div class=\"elementor-element elementor-element-c2cf9e9 icon-position-left align-left icon-has-bg hover-effect-none elementor-widget elementor-widget-mae-icon-box\" data-id=\"c2cf9e9\" data-element_type=\"widget\" data-widget_type=\"mae-icon-box.default\">\n\t\t\t\t<div class=\"elementor-widget-container\">\n\t\t\t\t\t\n        <div class=\"master-icon-box\" >\n            \n            <div class=\"icon-wrap\"><div class=\"master-icon\"><i class=\"byr byr-robotic-arm\"><\/i><\/div><\/div>\n            <div class=\"text-wrap\">\n                <h3 class=\"headline-2\">Inspe\u00e7\u00f5es T\u00e9cnicas com Drones<\/h3><div class=\"desc\"> Monitoramento seguro de infraestrutura, telhados, torres e pain\u00e9is solares, sem a necessidade de acesso f\u00edsico.<\/div>            <div class=\"url-wrap\">\n                <a class=\"master-link  icon-right\" href=\"https:\/\/projeto109.doi2versos.com.br\/index.php\/inspecoes-tecnicas-com-drones\/\">\n                                        <span>Saiba  Mais<\/span>\n                    <span class=\"icon fa fa-arrow-right\"><\/span>                <\/a>\n            <\/div>\n\n                        <\/div>\n        <\/div>\n\n        \t\t\t\t<\/div>\n\t\t\t\t<\/div>\n\t\t\t\t\t<\/div>\n\t\t<\/div>\n\t\t\t\t<div class=\"elementor-column elementor-col-33 elementor-inner-column elementor-element elementor-element-8c62c04\" data-id=\"8c62c04\" data-element_type=\"column\">\n\t\t\t<div class=\"elementor-widget-wrap\">\n\t\t\t\t\t\t\t<\/div>\n\t\t<\/div>\n\t\t\t\t\t<\/div>\n\t\t<\/section>\n\t\t\t\t<div class=\"elementor-element elementor-element-237868a elementor-widget elementor-widget-spacer\" data-id=\"237868a\" data-element_type=\"widget\" data-widget_type=\"spacer.default\">\n\t\t\t\t\t\t\t<div class=\"elementor-spacer\">\n\t\t\t<div class=\"elementor-spacer-inner\"><\/div>\n\t\t<\/div>\n\t\t\t\t\t\t<\/div>\n\t\t\t\t\t<\/div>\n\t\t<\/div>\n\t\t\t\t\t<\/div>\n\t\t<\/section>\n\t\t\t\t<\/div>\n\t\t","protected":false},"excerpt":{"rendered":"<p>Nossas Solu\u00e7\u00f5es Tour 3D Imersivo Visualiza\u00e7\u00e3o interativa de ambientes com recursos como visita guiada, trena digital, tags de conte\u00fado, m\u00faltiplos andares, planta baixa e vis\u00e3o do teto. Saiba Mais As Built Arquitet\u00f4nico Modelos baseados em nuvem de pontos com imagens panor\u00e2micas e precis\u00e3o milim\u00e9trica. Ideal para projetos<\/p>\n","protected":false},"author":1,"featured_media":0,"parent":0,"menu_order":0,"comment_status":"closed","ping_status":"closed","template":"","meta":{"footnotes":""},"class_list":["post-1255","page","type-page","status-publish","hentry"],"_links":{"self":[{"href":"https:\/\/projeto109.doi2versos.com.br\/index.php\/wp-json\/wp\/v2\/pages\/1255","targetHints":{"allow":["GET"]}}],"collection":[{"href":"https:\/\/projeto109.doi2versos.com.br\/index.php\/wp-json\/wp\/v2\/pages"}],"about":[{"href":"https:\/\/projeto109.doi2versos.com.br\/index.php\/wp-json\/wp\/v2\/types\/page"}],"author":[{"embeddable":true,"href":"https:\/\/projeto109.doi2versos.com.br\/index.php\/wp-json\/wp\/v2\/users\/1"}],"replies":[{"embeddable":true,"href":"https:\/\/projeto109.doi2versos.com.br\/index.php\/wp-json\/wp\/v2\/comments?post=1255"}],"version-history":[{"count":41,"href":"https:\/\/projeto109.doi2versos.com.br\/index.php\/wp-json\/wp\/v2\/pages\/1255\/revisions"}],"predecessor-version":[{"id":2472,"href":"https:\/\/projeto109.doi2versos.com.br\/index.php\/wp-json\/wp\/v2\/pages\/1255\/revisions\/2472"}],"wp:attachment":[{"href":"https:\/\/projeto109.doi2versos.com.br\/index.php\/wp-json\/wp\/v2\/media?parent=1255"}],"curies":[{"name":"wp","href":"https:\/\/api.w.org\/{rel}","templated":true}]}}